{"id":392,"date":"2020-05-16T20:57:55","date_gmt":"2020-05-16T20:57:55","guid":{"rendered":"https:\/\/elgrifocomunicacionvisual.com.ar\/impermeabilizaciones\/?page_id=392"},"modified":"2021-08-04T12:45:08","modified_gmt":"2021-08-04T12:45:08","slug":"impermeabilizar-medianeras","status":"publish","type":"page","link":"https:\/\/elgrifocomunicacionvisual.com.ar\/impermeabilizaciones\/impermeabilizar-medianeras\/","title":{"rendered":"Impermeabilizar Medianeras"},"content":{"rendered":"\n<div class=\"wp-block-media-text alignwide is-stacked-on-mobile is-vertically-aligned-top\" style=\"grid-template-columns:22% auto\"><figure class=\"wp-block-media-text__media\"><img loading=\"lazy\" decoding=\"async\" width=\"150\" height=\"150\" src=\"https:\/\/elgrifocomunicacionvisual.com.ar\/impermeabilizaciones\/wp-content\/uploads\/2021\/03\/medianeras.jpg\" alt=\"\" class=\"wp-image-1199 size-full\"\/><\/figure><div class=\"wp-block-media-text__content\">\n<h2 class=\"has-text-color wp-block-heading\" style=\"color:#01749e\">Impermeabilizaci\u00f3n de Medianeras, Muros y Fachadas<\/h2>\n\n\n\n<p>Para <strong>impermeabilizar medianeras<\/strong> de <strong>hormig\u00f3n<\/strong> o de <strong>ladrillo<\/strong>, realizamos previamente un diagn\u00f3stico certero para detectar algunos de los problemas m\u00e1s habituales que pueden ser:<\/p>\n\n\n\n<ul class=\"wp-block-list\"><li>Humedad por capilaridad<\/li><li>Humedad por condensaci\u00f3n<\/li><li><strong>Fisuras y\/o grietas.<\/strong> <\/li><\/ul>\n\n\n\n<p>Antes de <strong>impermeabilzar medianeras, fachadas o muros, <\/strong>es importante detectar cualquier <strong>grieta<\/strong> o <strong>fisuta<\/strong> que puede haberse producido por el pao del tiempo. Las <strong>fisuras<\/strong> pueden haber sido originadas por procesos de fraguado y endurecimiento del concreto, por una mala ejecuci\u00f3n de los procesos, escasos recubrimientos o fallos durante el vertido del el curado. Son de reparaci\u00f3n m\u00e1s sencilla que las <strong>grietas<\/strong> pero requieren el sellador correcto seg\u00fan el espesor de la fisura, para luego poder realizar una adecuada <strong>impermeabilizaci\u00f3n<\/strong>. Posteriormente a los <strong>sellados, obturaciones <\/strong>se procede a la realizaci\u00f3n de la <strong>impermeabilizaci\u00f3n <\/strong>con el material adecuado de acuerdo la problem\u00e1tica. Brindamos atenci\u00f3n personalizada a <strong>Consorcios<\/strong>. Contamos con personal habilitado, capacitado y asegurado para <strong>trabajos en altura.<\/strong><\/p>\n\n\n\n<p class=\"has-text-color\" style=\"color:#01749e\">Solicit\u00e1 m\u00e1s informaci\u00f3n<\/p>\n\n\n<div class=\"wpforms-container wpforms-container-full wpforms-block zerif-wpforms pirate_forms\" id=\"wpforms-134\"><form id=\"wpforms-form-134\" class=\"wpforms-validate wpforms-form\" data-formid=\"134\" method=\"post\" enctype=\"multipart\/form-data\" action=\"\/impermeabilizaciones\/wp-json\/wp\/v2\/pages\/392\" data-token=\"f4ebe4b1b4b40a766135504630348965\" data-token-time=\"1778333253\"><noscript class=\"wpforms-error-noscript\">Por favor, activa JavaScript en tu navegador para completar este formulario.<\/noscript><div class=\"wpforms-field-container\"><div id=\"wpforms-134-field_11-container\" class=\"wpforms-field wpforms-field-name\" data-field-id=\"11\"><label class=\"wpforms-field-label\" for=\"wpforms-134-field_11\">Nombre <span class=\"wpforms-required-label\">*<\/span><\/label><input type=\"text\" id=\"wpforms-134-field_11\" class=\"wpforms-field-medium wpforms-field-required\" name=\"wpforms[fields][11]\" required><\/div><div id=\"wpforms-134-field_12-container\" class=\"wpforms-field wpforms-field-name\" data-field-id=\"12\"><label class=\"wpforms-field-label\" for=\"wpforms-134-field_12\">Localidad <span class=\"wpforms-required-label\">*<\/span><\/label><input type=\"text\" id=\"wpforms-134-field_12\" class=\"wpforms-field-medium wpforms-field-required\" name=\"wpforms[fields][12]\" required><\/div><div id=\"wpforms-134-field_5-container\" class=\"wpforms-field wpforms-field-email\" data-field-id=\"5\"><label class=\"wpforms-field-label\" for=\"wpforms-134-field_5\">Correo electr\u00f3nico <span class=\"wpforms-required-label\">*<\/span><\/label><input type=\"email\" id=\"wpforms-134-field_5\" class=\"wpforms-field-medium wpforms-field-required\" name=\"wpforms[fields][5]\" spellcheck=\"false\" required><\/div><div id=\"wpforms-134-field_2-container\" class=\"wpforms-field wpforms-field-textarea\" data-field-id=\"2\"><label class=\"wpforms-field-label wpforms-label-hide\" for=\"wpforms-134-field_2\">Message <span class=\"wpforms-required-label\">*<\/span><\/label><textarea id=\"wpforms-134-field_2\" class=\"wpforms-field-large wpforms-field-required\" name=\"wpforms[fields][2]\" placeholder=\"Mensaje\" required><\/textarea><\/div><div id=\"wpforms-134-field_13-container\" class=\"wpforms-field wpforms-field-select wpforms-field-select-style-classic\" data-field-id=\"13\"><label class=\"wpforms-field-label\" for=\"wpforms-134-field_13\">\u00bfC\u00f3mo nos conociste?<\/label><select id=\"wpforms-134-field_13\" class=\"wpforms-field-medium\" name=\"wpforms[fields][13]\"><option value=\"Buscando en Google\"  class=\"choice-1 depth-1\"  >Buscando en Google<\/option><option value=\"Facebook\"  class=\"choice-2 depth-1\"  >Facebook<\/option><option value=\"Instagram\"  class=\"choice-3 depth-1\"  >Instagram<\/option><option value=\"Recomendaci\u00f3n\"  class=\"choice-4 depth-1\"  >Recomendaci\u00f3n<\/option><\/select><\/div><\/div><!-- .wpforms-field-container --><div class=\"wpforms-field wpforms-field-hp\"><label for=\"wpforms-134-field-hp\" class=\"wpforms-field-label\">Phone<\/label><input type=\"text\" name=\"wpforms[hp]\" id=\"wpforms-134-field-hp\" class=\"wpforms-field-medium\"><\/div><div class=\"wpforms-submit-container\" ><input type=\"hidden\" name=\"wpforms[id]\" value=\"134\"><input type=\"hidden\" name=\"page_title\" value=\"\"><input type=\"hidden\" name=\"page_url\" value=\"https:\/\/elgrifocomunicacionvisual.com.ar\/impermeabilizaciones\/wp-json\/wp\/v2\/pages\/392\"><input type=\"hidden\" name=\"url_referer\" value=\"\"><button type=\"submit\" name=\"wpforms[submit]\" id=\"wpforms-submit-134\" class=\"wpforms-submit\" data-alt-text=\"Enviando...\" data-submit-text=\"Enviar Mensaje\" aria-live=\"assertive\" value=\"wpforms-submit\">Enviar Mensaje<\/button><\/div><\/form><\/div>  <!-- .wpforms-container -->\n\n\n<p class=\"has-black-color has-text-color\">Tambi\u00e9n te pueden interesar otras<strong> \u00e1reas que impermeabilizamos:<\/strong><\/p>\n\n\n\n<ul class=\"wp-block-list\"><li><a href=\"https:\/\/elgrifocomunicacionvisual.com.ar\/impermeabilizaciones\/impermeabilizar-terraza\/\">Terrazas<\/a><\/li><li><a href=\"https:\/\/elgrifocomunicacionvisual.com.ar\/impermeabilizaciones\/impermeabilizacion-con-membrana\/\">Techos no transitables<\/a><\/li><li><a href=\"https:\/\/elgrifocomunicacionvisual.com.ar\/impermeabilizaciones\/impermeabilizar-tanques\/\">Tanques de agua<\/a><\/li><li><a href=\"https:\/\/elgrifocomunicacionvisual.com.ar\/impermeabilizaciones\/humedad-freatica\/\">Control de humedad fre\u00e1tica<\/a><\/li><li><a href=\"https:\/\/elgrifocomunicacionvisual.com.ar\/impermeabilizaciones\/impermeabilizar-subsuelos\/\">Subsuelos y S\u00f3tanos<\/a><\/li><li><a href=\"https:\/\/elgrifocomunicacionvisual.com.ar\/impermeabilizaciones\/impermeabilizar-cimientos\/\">Cimientos<\/a><\/li><li><a href=\"https:\/\/elgrifocomunicacionvisual.com.ar\/impermeabilizaciones\/impermeabilizar-pistones\/\">Pistones de elevadores y montacargas<\/a><\/li><li><a href=\"https:\/\/elgrifocomunicacionvisual.com.ar\/impermeabilizaciones\/humedad-freatica\/\">Control de humedad fre\u00e1tica<\/a><\/li><li><a href=\"https:\/\/elgrifocomunicacionvisual.com.ar\/impermeabilizaciones\/impermeabilizar-piletas\/\">Piletas de nataci\u00f3n<\/a><\/li><li><a href=\"https:\/\/elgrifocomunicacionvisual.com.ar\/impermeabilizaciones\/impermeabilizar-silos-tolvas\/\">Silos Tolvas<\/a><\/li><li><a href=\"https:\/\/elgrifocomunicacionvisual.com.ar\/impermeabilizaciones\/impermeabilizar-balcones\/\">Balcones<\/a><\/li><\/ul>\n<\/div><\/div>\n","protected":false},"excerpt":{"rendered":"","protected":false},"author":96739698,"featured_media":1199,"parent":0,"menu_order":0,"comment_status":"closed","ping_status":"closed","template":"page-templates\/template-builder.php","meta":{"footnotes":""},"class_list":["post-392","page","type-page","status-publish","has-post-thumbnail","hentry"],"yoast_head":"<!-- This site is optimized with the Yoast SEO plugin v26.4 - https:\/\/yoast.com\/wordpress\/plugins\/seo\/ -->\n<title>Impermeabilizar Medianeras - Impermeabilizaciones Especiales<\/title>\n<meta name=\"description\" content=\"Servicio para Impermeabilizar medianeras, fachadas y paredes internas, tanto de hormig\u00f3n como de ladrillo. Descuentos especiales a consorcios\" \/>\n<meta name=\"robots\" content=\"index, follow, max-snippet:-1, max-image-preview:large, max-video-preview:-1\" \/>\n<link rel=\"canonical\" href=\"https:\/\/elgrifocomunicacionvisual.com.ar\/impermeabilizaciones\/impermeabilizar-medianeras\/\" \/>\n<meta property=\"og:locale\" content=\"es_ES\" \/>\n<meta property=\"og:type\" content=\"article\" \/>\n<meta property=\"og:title\" content=\"Impermeabilizar Medianeras - Impermeabilizaciones Especiales\" \/>\n<meta property=\"og:description\" content=\"Servicio para Impermeabilizar medianeras, fachadas y paredes internas, tanto de hormig\u00f3n como de ladrillo. Descuentos especiales a consorcios\" \/>\n<meta property=\"og:url\" content=\"https:\/\/elgrifocomunicacionvisual.com.ar\/impermeabilizaciones\/impermeabilizar-medianeras\/\" \/>\n<meta property=\"og:site_name\" content=\"Impermeabilizaciones Especiales\" \/>\n<meta property=\"article:publisher\" content=\"https:\/\/www.facebook.com\/especialistasenimpermeabilizaciones\/\" \/>\n<meta property=\"article:modified_time\" content=\"2021-08-04T12:45:08+00:00\" \/>\n<meta property=\"og:image\" content=\"https:\/\/elgrifocomunicacionvisual.com.ar\/impermeabilizaciones\/wp-content\/uploads\/2021\/03\/medianeras.jpg\" \/>\n\t<meta property=\"og:image:width\" content=\"150\" \/>\n\t<meta property=\"og:image:height\" content=\"150\" \/>\n\t<meta property=\"og:image:type\" content=\"image\/jpeg\" \/>\n<meta name=\"twitter:card\" content=\"summary_large_image\" \/>\n<meta name=\"twitter:label1\" content=\"Tiempo de lectura\" \/>\n\t<meta name=\"twitter:data1\" content=\"2 minutos\" \/>\n<script type=\"application\/ld+json\" class=\"yoast-schema-graph\">{\"@context\":\"https:\/\/schema.org\",\"@graph\":[{\"@type\":\"WebPage\",\"@id\":\"https:\/\/elgrifocomunicacionvisual.com.ar\/impermeabilizaciones\/impermeabilizar-medianeras\/\",\"url\":\"https:\/\/elgrifocomunicacionvisual.com.ar\/impermeabilizaciones\/impermeabilizar-medianeras\/\",\"name\":\"Impermeabilizar Medianeras - Impermeabilizaciones Especiales\",\"isPartOf\":{\"@id\":\"https:\/\/elgrifocomunicacionvisual.com.ar\/impermeabilizaciones\/#website\"},\"primaryImageOfPage\":{\"@id\":\"https:\/\/elgrifocomunicacionvisual.com.ar\/impermeabilizaciones\/impermeabilizar-medianeras\/#primaryimage\"},\"image\":{\"@id\":\"https:\/\/elgrifocomunicacionvisual.com.ar\/impermeabilizaciones\/impermeabilizar-medianeras\/#primaryimage\"},\"thumbnailUrl\":\"https:\/\/elgrifocomunicacionvisual.com.ar\/impermeabilizaciones\/wp-content\/uploads\/2021\/03\/medianeras.jpg\",\"datePublished\":\"2020-05-16T20:57:55+00:00\",\"dateModified\":\"2021-08-04T12:45:08+00:00\",\"description\":\"Servicio para Impermeabilizar medianeras, fachadas y paredes internas, tanto de hormig\u00f3n como de ladrillo. Descuentos especiales a consorcios\",\"inLanguage\":\"es\",\"potentialAction\":[{\"@type\":\"ReadAction\",\"target\":[\"https:\/\/elgrifocomunicacionvisual.com.ar\/impermeabilizaciones\/impermeabilizar-medianeras\/\"]}]},{\"@type\":\"ImageObject\",\"inLanguage\":\"es\",\"@id\":\"https:\/\/elgrifocomunicacionvisual.com.ar\/impermeabilizaciones\/impermeabilizar-medianeras\/#primaryimage\",\"url\":\"https:\/\/elgrifocomunicacionvisual.com.ar\/impermeabilizaciones\/wp-content\/uploads\/2021\/03\/medianeras.jpg\",\"contentUrl\":\"https:\/\/elgrifocomunicacionvisual.com.ar\/impermeabilizaciones\/wp-content\/uploads\/2021\/03\/medianeras.jpg\",\"width\":150,\"height\":150,\"caption\":\"impermeabilizar medianeras\"},{\"@type\":\"WebSite\",\"@id\":\"https:\/\/elgrifocomunicacionvisual.com.ar\/impermeabilizaciones\/#website\",\"url\":\"https:\/\/elgrifocomunicacionvisual.com.ar\/impermeabilizaciones\/\",\"name\":\"Impermeabilizaciones Especiales\",\"description\":\"Te protege del agua y la humedad\",\"publisher\":{\"@id\":\"https:\/\/elgrifocomunicacionvisual.com.ar\/impermeabilizaciones\/#organization\"},\"potentialAction\":[{\"@type\":\"SearchAction\",\"target\":{\"@type\":\"EntryPoint\",\"urlTemplate\":\"https:\/\/elgrifocomunicacionvisual.com.ar\/impermeabilizaciones\/?s={search_term_string}\"},\"query-input\":{\"@type\":\"PropertyValueSpecification\",\"valueRequired\":true,\"valueName\":\"search_term_string\"}}],\"inLanguage\":\"es\"},{\"@type\":\"Organization\",\"@id\":\"https:\/\/elgrifocomunicacionvisual.com.ar\/impermeabilizaciones\/#organization\",\"name\":\"Impermeabilizaciones Especiales\",\"url\":\"https:\/\/elgrifocomunicacionvisual.com.ar\/impermeabilizaciones\/\",\"logo\":{\"@type\":\"ImageObject\",\"inLanguage\":\"es\",\"@id\":\"https:\/\/elgrifocomunicacionvisual.com.ar\/impermeabilizaciones\/#\/schema\/logo\/image\/\",\"url\":\"https:\/\/elgrifocomunicacionvisual.com.ar\/impermeabilizaciones\/wp-content\/uploads\/2021\/03\/cropped-logoimpermeabilizaciones-2.jpg\",\"contentUrl\":\"https:\/\/elgrifocomunicacionvisual.com.ar\/impermeabilizaciones\/wp-content\/uploads\/2021\/03\/cropped-logoimpermeabilizaciones-2.jpg\",\"width\":580,\"height\":120,\"caption\":\"Impermeabilizaciones Especiales\"},\"image\":{\"@id\":\"https:\/\/elgrifocomunicacionvisual.com.ar\/impermeabilizaciones\/#\/schema\/logo\/image\/\"},\"sameAs\":[\"https:\/\/www.facebook.com\/especialistasenimpermeabilizaciones\/\",\"https:\/\/www.instagram.com\/impermeabilizacionesesp\/\",\"https:\/\/www.youtube.com\/channel\/UCJoLpiaUnCTRkZWTS9dFGow\"]}]}<\/script>\n<!-- \/ Yoast SEO plugin. -->","yoast_head_json":{"title":"Impermeabilizar Medianeras - Impermeabilizaciones Especiales","description":"Servicio para Impermeabilizar medianeras, fachadas y paredes internas, tanto de hormig\u00f3n como de ladrillo. Descuentos especiales a consorcios","robots":{"index":"index","follow":"follow","max-snippet":"max-snippet:-1","max-image-preview":"max-image-preview:large","max-video-preview":"max-video-preview:-1"},"canonical":"https:\/\/elgrifocomunicacionvisual.com.ar\/impermeabilizaciones\/impermeabilizar-medianeras\/","og_locale":"es_ES","og_type":"article","og_title":"Impermeabilizar Medianeras - Impermeabilizaciones Especiales","og_description":"Servicio para Impermeabilizar medianeras, fachadas y paredes internas, tanto de hormig\u00f3n como de ladrillo. Descuentos especiales a consorcios","og_url":"https:\/\/elgrifocomunicacionvisual.com.ar\/impermeabilizaciones\/impermeabilizar-medianeras\/","og_site_name":"Impermeabilizaciones Especiales","article_publisher":"https:\/\/www.facebook.com\/especialistasenimpermeabilizaciones\/","article_modified_time":"2021-08-04T12:45:08+00:00","og_image":[{"width":150,"height":150,"url":"https:\/\/elgrifocomunicacionvisual.com.ar\/impermeabilizaciones\/wp-content\/uploads\/2021\/03\/medianeras.jpg","type":"image\/jpeg"}],"twitter_card":"summary_large_image","twitter_misc":{"Tiempo de lectura":"2 minutos"},"schema":{"@context":"https:\/\/schema.org","@graph":[{"@type":"WebPage","@id":"https:\/\/elgrifocomunicacionvisual.com.ar\/impermeabilizaciones\/impermeabilizar-medianeras\/","url":"https:\/\/elgrifocomunicacionvisual.com.ar\/impermeabilizaciones\/impermeabilizar-medianeras\/","name":"Impermeabilizar Medianeras - Impermeabilizaciones Especiales","isPartOf":{"@id":"https:\/\/elgrifocomunicacionvisual.com.ar\/impermeabilizaciones\/#website"},"primaryImageOfPage":{"@id":"https:\/\/elgrifocomunicacionvisual.com.ar\/impermeabilizaciones\/impermeabilizar-medianeras\/#primaryimage"},"image":{"@id":"https:\/\/elgrifocomunicacionvisual.com.ar\/impermeabilizaciones\/impermeabilizar-medianeras\/#primaryimage"},"thumbnailUrl":"https:\/\/elgrifocomunicacionvisual.com.ar\/impermeabilizaciones\/wp-content\/uploads\/2021\/03\/medianeras.jpg","datePublished":"2020-05-16T20:57:55+00:00","dateModified":"2021-08-04T12:45:08+00:00","description":"Servicio para Impermeabilizar medianeras, fachadas y paredes internas, tanto de hormig\u00f3n como de ladrillo. Descuentos especiales a consorcios","inLanguage":"es","potentialAction":[{"@type":"ReadAction","target":["https:\/\/elgrifocomunicacionvisual.com.ar\/impermeabilizaciones\/impermeabilizar-medianeras\/"]}]},{"@type":"ImageObject","inLanguage":"es","@id":"https:\/\/elgrifocomunicacionvisual.com.ar\/impermeabilizaciones\/impermeabilizar-medianeras\/#primaryimage","url":"https:\/\/elgrifocomunicacionvisual.com.ar\/impermeabilizaciones\/wp-content\/uploads\/2021\/03\/medianeras.jpg","contentUrl":"https:\/\/elgrifocomunicacionvisual.com.ar\/impermeabilizaciones\/wp-content\/uploads\/2021\/03\/medianeras.jpg","width":150,"height":150,"caption":"impermeabilizar medianeras"},{"@type":"WebSite","@id":"https:\/\/elgrifocomunicacionvisual.com.ar\/impermeabilizaciones\/#website","url":"https:\/\/elgrifocomunicacionvisual.com.ar\/impermeabilizaciones\/","name":"Impermeabilizaciones Especiales","description":"Te protege del agua y la humedad","publisher":{"@id":"https:\/\/elgrifocomunicacionvisual.com.ar\/impermeabilizaciones\/#organization"},"potentialAction":[{"@type":"SearchAction","target":{"@type":"EntryPoint","urlTemplate":"https:\/\/elgrifocomunicacionvisual.com.ar\/impermeabilizaciones\/?s={search_term_string}"},"query-input":{"@type":"PropertyValueSpecification","valueRequired":true,"valueName":"search_term_string"}}],"inLanguage":"es"},{"@type":"Organization","@id":"https:\/\/elgrifocomunicacionvisual.com.ar\/impermeabilizaciones\/#organization","name":"Impermeabilizaciones Especiales","url":"https:\/\/elgrifocomunicacionvisual.com.ar\/impermeabilizaciones\/","logo":{"@type":"ImageObject","inLanguage":"es","@id":"https:\/\/elgrifocomunicacionvisual.com.ar\/impermeabilizaciones\/#\/schema\/logo\/image\/","url":"https:\/\/elgrifocomunicacionvisual.com.ar\/impermeabilizaciones\/wp-content\/uploads\/2021\/03\/cropped-logoimpermeabilizaciones-2.jpg","contentUrl":"https:\/\/elgrifocomunicacionvisual.com.ar\/impermeabilizaciones\/wp-content\/uploads\/2021\/03\/cropped-logoimpermeabilizaciones-2.jpg","width":580,"height":120,"caption":"Impermeabilizaciones Especiales"},"image":{"@id":"https:\/\/elgrifocomunicacionvisual.com.ar\/impermeabilizaciones\/#\/schema\/logo\/image\/"},"sameAs":["https:\/\/www.facebook.com\/especialistasenimpermeabilizaciones\/","https:\/\/www.instagram.com\/impermeabilizacionesesp\/","https:\/\/www.youtube.com\/channel\/UCJoLpiaUnCTRkZWTS9dFGow"]}]}},"_links":{"self":[{"href":"https:\/\/elgrifocomunicacionvisual.com.ar\/impermeabilizaciones\/wp-json\/wp\/v2\/pages\/392","targetHints":{"allow":["GET"]}}],"collection":[{"href":"https:\/\/elgrifocomunicacionvisual.com.ar\/impermeabilizaciones\/wp-json\/wp\/v2\/pages"}],"about":[{"href":"https:\/\/elgrifocomunicacionvisual.com.ar\/impermeabilizaciones\/wp-json\/wp\/v2\/types\/page"}],"author":[{"embeddable":true,"href":"https:\/\/elgrifocomunicacionvisual.com.ar\/impermeabilizaciones\/wp-json\/wp\/v2\/users\/96739698"}],"replies":[{"embeddable":true,"href":"https:\/\/elgrifocomunicacionvisual.com.ar\/impermeabilizaciones\/wp-json\/wp\/v2\/comments?post=392"}],"version-history":[{"count":22,"href":"https:\/\/elgrifocomunicacionvisual.com.ar\/impermeabilizaciones\/wp-json\/wp\/v2\/pages\/392\/revisions"}],"predecessor-version":[{"id":2058,"href":"https:\/\/elgrifocomunicacionvisual.com.ar\/impermeabilizaciones\/wp-json\/wp\/v2\/pages\/392\/revisions\/2058"}],"wp:featuredmedia":[{"embeddable":true,"href":"https:\/\/elgrifocomunicacionvisual.com.ar\/impermeabilizaciones\/wp-json\/wp\/v2\/media\/1199"}],"wp:attachment":[{"href":"https:\/\/elgrifocomunicacionvisual.com.ar\/impermeabilizaciones\/wp-json\/wp\/v2\/media?parent=392"}],"curies":[{"name":"wp","href":"https:\/\/api.w.org\/{rel}","templated":true}]}}