{"id":389,"date":"2020-05-16T20:55:20","date_gmt":"2020-05-16T20:55:20","guid":{"rendered":"https:\/\/elgrifocomunicacionvisual.com.ar\/impermeabilizaciones\/?page_id=389"},"modified":"2021-08-04T21:39:08","modified_gmt":"2021-08-04T21:39:08","slug":"impermeabilizar-tanques","status":"publish","type":"page","link":"https:\/\/elgrifocomunicacionvisual.com.ar\/impermeabilizaciones\/impermeabilizar-tanques\/","title":{"rendered":"Impermeabilizar Tanques de agua"},"content":{"rendered":"\n<div class=\"wp-block-media-text alignwide is-stacked-on-mobile is-vertically-aligned-top\" style=\"grid-template-columns:22% auto\"><figure class=\"wp-block-media-text__media\"><img loading=\"lazy\" decoding=\"async\" width=\"149\" height=\"149\" src=\"https:\/\/elgrifocomunicacionvisual.com.ar\/impermeabilizaciones\/wp-content\/uploads\/2021\/03\/impermeabilziaciontanquealtura.jpg\" alt=\"tanque impermeabilizado\" class=\"wp-image-1197 size-full\"\/><\/figure><div class=\"wp-block-media-text__content\">\n<h2 class=\"has-text-color wp-block-heading\" style=\"color:#01749e\">Impermeabilizaci\u00f3n de tanques y reservorios de agua<\/h2>\n\n\n\n<p> Somos especialistas en<strong> impermeabilizar  tanques de agua <\/strong>a nivel o en altura, contamos con personal capacitado para la realizaci\u00f3n de trabajos exigentes.<\/p>\n\n\n\n<p>El deterioro provocado por el paso del tiempo en estas estructuras debe ser tratado con la correcta obturaci\u00f3n de grietas y rajaduras mediante materiales como morteros quimico-cementicios de alta resistencia mec\u00e1nica. Usamos resinas esl\u00e1stom\u00e9ricas para el interior y tratamos los meteriales o hierros de la estructura existente con convetidores de \u00f3xido.<\/p>\n\n\n\n<p>Un mantenimiento peri\u00f3dico de la impermeabilzaci\u00f3n de tanque de agua de edificios de consorcio, ayuda a la prevenci\u00f3n y a evitar gastos exesivos a la hora de afrontar roturas o deterioros que ser\u00e1n dif\u00edciles de reparar.<\/p>\n\n\n\n<p>Consult\u00e1 por mantenimiento e <strong>impermeabilizaci\u00f3n de tanques y reservorios de agua<\/strong>.<\/p>\n\n\n\n<p class=\"has-text-color\" style=\"color:#01749e\">Solicit\u00e1 m\u00e1s informaci\u00f3n<\/p>\n\n\n<div class=\"wpforms-container wpforms-container-full wpforms-block zerif-wpforms pirate_forms\" id=\"wpforms-134\"><form id=\"wpforms-form-134\" class=\"wpforms-validate wpforms-form\" data-formid=\"134\" method=\"post\" enctype=\"multipart\/form-data\" action=\"\/impermeabilizaciones\/wp-json\/wp\/v2\/pages\/389\" data-token=\"f4ebe4b1b4b40a766135504630348965\" data-token-time=\"1778333252\"><noscript class=\"wpforms-error-noscript\">Por favor, activa JavaScript en tu navegador para completar este formulario.<\/noscript><div class=\"wpforms-field-container\"><div id=\"wpforms-134-field_11-container\" class=\"wpforms-field wpforms-field-name\" data-field-id=\"11\"><label class=\"wpforms-field-label\" for=\"wpforms-134-field_11\">Nombre <span class=\"wpforms-required-label\">*<\/span><\/label><input type=\"text\" id=\"wpforms-134-field_11\" class=\"wpforms-field-medium wpforms-field-required\" name=\"wpforms[fields][11]\" required><\/div><div id=\"wpforms-134-field_12-container\" class=\"wpforms-field wpforms-field-name\" data-field-id=\"12\"><label class=\"wpforms-field-label\" for=\"wpforms-134-field_12\">Localidad <span class=\"wpforms-required-label\">*<\/span><\/label><input type=\"text\" id=\"wpforms-134-field_12\" class=\"wpforms-field-medium wpforms-field-required\" name=\"wpforms[fields][12]\" required><\/div><div id=\"wpforms-134-field_5-container\" class=\"wpforms-field wpforms-field-email\" data-field-id=\"5\"><label class=\"wpforms-field-label\" for=\"wpforms-134-field_5\">Correo electr\u00f3nico <span class=\"wpforms-required-label\">*<\/span><\/label><input type=\"email\" id=\"wpforms-134-field_5\" class=\"wpforms-field-medium wpforms-field-required\" name=\"wpforms[fields][5]\" spellcheck=\"false\" required><\/div><div id=\"wpforms-134-field_2-container\" class=\"wpforms-field wpforms-field-textarea\" data-field-id=\"2\"><label class=\"wpforms-field-label wpforms-label-hide\" for=\"wpforms-134-field_2\">Message <span class=\"wpforms-required-label\">*<\/span><\/label><textarea id=\"wpforms-134-field_2\" class=\"wpforms-field-large wpforms-field-required\" name=\"wpforms[fields][2]\" placeholder=\"Mensaje\" required><\/textarea><\/div><div id=\"wpforms-134-field_13-container\" class=\"wpforms-field wpforms-field-select wpforms-field-select-style-classic\" data-field-id=\"13\"><label class=\"wpforms-field-label\" for=\"wpforms-134-field_13\">\u00bfC\u00f3mo nos conociste?<\/label><select id=\"wpforms-134-field_13\" class=\"wpforms-field-medium\" name=\"wpforms[fields][13]\"><option value=\"Buscando en Google\"  class=\"choice-1 depth-1\"  >Buscando en Google<\/option><option value=\"Facebook\"  class=\"choice-2 depth-1\"  >Facebook<\/option><option value=\"Instagram\"  class=\"choice-3 depth-1\"  >Instagram<\/option><option value=\"Recomendaci\u00f3n\"  class=\"choice-4 depth-1\"  >Recomendaci\u00f3n<\/option><\/select><\/div><\/div><!-- .wpforms-field-container --><div class=\"wpforms-field wpforms-field-hp\"><label for=\"wpforms-134-field-hp\" class=\"wpforms-field-label\">Website<\/label><input type=\"text\" name=\"wpforms[hp]\" id=\"wpforms-134-field-hp\" class=\"wpforms-field-medium\"><\/div><div class=\"wpforms-submit-container\" ><input type=\"hidden\" name=\"wpforms[id]\" value=\"134\"><input type=\"hidden\" name=\"page_title\" value=\"\"><input type=\"hidden\" name=\"page_url\" value=\"https:\/\/elgrifocomunicacionvisual.com.ar\/impermeabilizaciones\/wp-json\/wp\/v2\/pages\/389\"><input type=\"hidden\" name=\"url_referer\" value=\"\"><button type=\"submit\" name=\"wpforms[submit]\" id=\"wpforms-submit-134\" class=\"wpforms-submit\" data-alt-text=\"Enviando...\" data-submit-text=\"Enviar Mensaje\" aria-live=\"assertive\" value=\"wpforms-submit\">Enviar Mensaje<\/button><\/div><\/form><\/div>  <!-- .wpforms-container -->\n\n\n<p class=\"has-black-color has-text-color\">Te pueden interesar otras<strong> \u00e1reas que impermeabilizamos:<\/strong><\/p>\n\n\n\n<ul class=\"wp-block-list\"><li><a href=\"https:\/\/elgrifocomunicacionvisual.com.ar\/impermeabilizaciones\/impermeabilizar-terraza\/\"><a href=\"https:\/\/elgrifocomunicacionvisual.com.ar\/impermeabilizaciones\/techados-transitables\/\">Terrazas<\/a><\/a><\/li><li><a href=\"https:\/\/elgrifocomunicacionvisual.com.ar\/impermeabilizaciones\/impermeabilizar-terraza\/\"><a href=\"https:\/\/elgrifocomunicacionvisual.com.ar\/impermeabilizaciones\/impermeabilizacion-con-membrana-asfaltica\/\">Techos no transitables<\/a><\/a><\/li><li><a href=\"https:\/\/elgrifocomunicacionvisual.com.ar\/impermeabilizaciones\/impermeabilizar-terraza\/\"><a href=\"https:\/\/elgrifocomunicacionvisual.com.ar\/impermeabilizaciones\/tanques-de-agua\/\">Control de humedad fre\u00e1tica<\/a><\/a><\/li><li><a href=\"https:\/\/elgrifocomunicacionvisual.com.ar\/impermeabilizaciones\/impermeabilizar-terraza\/\"><a href=\"https:\/\/elgrifocomunicacionvisual.com.ar\/impermeabilizaciones\/medianeras-y-fachadas\/\">Medianeras y Fachadas<\/a><\/a><\/li><li><a href=\"https:\/\/elgrifocomunicacionvisual.com.ar\/impermeabilizaciones\/impermeabilizar-terraza\/\"><a href=\"https:\/\/elgrifocomunicacionvisual.com.ar\/impermeabilizaciones\/subsuelos\/\">Subsuelos y S\u00f3tanos<\/a><\/a><\/li><li><a href=\"https:\/\/elgrifocomunicacionvisual.com.ar\/impermeabilizaciones\/impermeabilizar-terraza\/\"><a href=\"https:\/\/elgrifocomunicacionvisual.com.ar\/impermeabilizaciones\/cimientos\/\">Cimientos<\/a><\/a><\/li><li><a href=\"https:\/\/elgrifocomunicacionvisual.com.ar\/impermeabilizaciones\/impermeabilizar-terraza\/\"><a href=\"https:\/\/elgrifocomunicacionvisual.com.ar\/impermeabilizaciones\/pistones-de-montacargas\/\">Pistones de elevadores y montacargas<\/a><\/a><\/li><li><a href=\"https:\/\/elgrifocomunicacionvisual.com.ar\/impermeabilizaciones\/impermeabilizar-terraza\/\"><a href=\"https:\/\/elgrifocomunicacionvisual.com.ar\/impermeabilizaciones\/control-de-humedad-freatica\/\">Control de humedad fre\u00e1tica<\/a><\/a><\/li><li><a href=\"https:\/\/elgrifocomunicacionvisual.com.ar\/impermeabilizaciones\/impermeabilizar-terraza\/\"><a href=\"https:\/\/elgrifocomunicacionvisual.com.ar\/impermeabilizaciones\/piletas-y-piscinas\/\">Piletas de nataci\u00f3n<\/a><\/a><\/li><li><a href=\"https:\/\/elgrifocomunicacionvisual.com.ar\/impermeabilizaciones\/impermeabilizar-terraza\/\"><a href=\"https:\/\/elgrifocomunicacionvisual.com.ar\/impermeabilizaciones\/silos-y-tolvas\/\">Silos Tolvas<\/a><\/a><\/li><li><a href=\"https:\/\/elgrifocomunicacionvisual.com.ar\/impermeabilizaciones\/impermeabilizar-terraza\/\"><a href=\"https:\/\/elgrifocomunicacionvisual.com.ar\/impermeabilizaciones\/balcones\/\">Balcones<\/a><\/a><\/li><\/ul>\n<\/div><\/div>\n","protected":false},"excerpt":{"rendered":"","protected":false},"author":96739698,"featured_media":1197,"parent":0,"menu_order":0,"comment_status":"closed","ping_status":"closed","template":"page-templates\/template-builder.php","meta":{"footnotes":""},"class_list":["post-389","page","type-page","status-publish","has-post-thumbnail","hentry"],"yoast_head":"<!-- This site is optimized with the Yoast SEO plugin v26.4 - https:\/\/yoast.com\/wordpress\/plugins\/seo\/ -->\n<title>Impermeabilizar Tanques de agua - Impermeabilizaciones Especiales<\/title>\n<meta name=\"description\" content=\"Somos especialistas en impermeabilizar tanques de agua o reservorios. Contamos con personal calificado para realizar trabajos en altura.\" \/>\n<meta name=\"robots\" content=\"index, follow, max-snippet:-1, max-image-preview:large, max-video-preview:-1\" \/>\n<link rel=\"canonical\" href=\"https:\/\/elgrifocomunicacionvisual.com.ar\/impermeabilizaciones\/impermeabilizar-tanques\/\" \/>\n<meta property=\"og:locale\" content=\"es_ES\" \/>\n<meta property=\"og:type\" content=\"article\" \/>\n<meta property=\"og:title\" content=\"Impermeabilizar Tanques de agua - Impermeabilizaciones Especiales\" \/>\n<meta property=\"og:description\" content=\"Somos especialistas en impermeabilizar tanques de agua o reservorios. Contamos con personal calificado para realizar trabajos en altura.\" \/>\n<meta property=\"og:url\" content=\"https:\/\/elgrifocomunicacionvisual.com.ar\/impermeabilizaciones\/impermeabilizar-tanques\/\" \/>\n<meta property=\"og:site_name\" content=\"Impermeabilizaciones Especiales\" \/>\n<meta property=\"article:publisher\" content=\"https:\/\/www.facebook.com\/especialistasenimpermeabilizaciones\/\" \/>\n<meta property=\"article:modified_time\" content=\"2021-08-04T21:39:08+00:00\" \/>\n<meta property=\"og:image\" content=\"https:\/\/elgrifocomunicacionvisual.com.ar\/impermeabilizaciones\/wp-content\/uploads\/2021\/03\/impermeabilziaciontanquealtura.jpg\" \/>\n\t<meta property=\"og:image:width\" content=\"149\" \/>\n\t<meta property=\"og:image:height\" content=\"149\" \/>\n\t<meta property=\"og:image:type\" content=\"image\/jpeg\" \/>\n<meta name=\"twitter:card\" content=\"summary_large_image\" \/>\n<meta name=\"twitter:label1\" content=\"Tiempo de lectura\" \/>\n\t<meta name=\"twitter:data1\" content=\"1 minuto\" \/>\n<script type=\"application\/ld+json\" class=\"yoast-schema-graph\">{\"@context\":\"https:\/\/schema.org\",\"@graph\":[{\"@type\":\"WebPage\",\"@id\":\"https:\/\/elgrifocomunicacionvisual.com.ar\/impermeabilizaciones\/impermeabilizar-tanques\/\",\"url\":\"https:\/\/elgrifocomunicacionvisual.com.ar\/impermeabilizaciones\/impermeabilizar-tanques\/\",\"name\":\"Impermeabilizar Tanques de agua - Impermeabilizaciones Especiales\",\"isPartOf\":{\"@id\":\"https:\/\/elgrifocomunicacionvisual.com.ar\/impermeabilizaciones\/#website\"},\"primaryImageOfPage\":{\"@id\":\"https:\/\/elgrifocomunicacionvisual.com.ar\/impermeabilizaciones\/impermeabilizar-tanques\/#primaryimage\"},\"image\":{\"@id\":\"https:\/\/elgrifocomunicacionvisual.com.ar\/impermeabilizaciones\/impermeabilizar-tanques\/#primaryimage\"},\"thumbnailUrl\":\"https:\/\/elgrifocomunicacionvisual.com.ar\/impermeabilizaciones\/wp-content\/uploads\/2021\/03\/impermeabilziaciontanquealtura.jpg\",\"datePublished\":\"2020-05-16T20:55:20+00:00\",\"dateModified\":\"2021-08-04T21:39:08+00:00\",\"description\":\"Somos especialistas en impermeabilizar tanques de agua o reservorios. Contamos con personal calificado para realizar trabajos en altura.\",\"inLanguage\":\"es\",\"potentialAction\":[{\"@type\":\"ReadAction\",\"target\":[\"https:\/\/elgrifocomunicacionvisual.com.ar\/impermeabilizaciones\/impermeabilizar-tanques\/\"]}]},{\"@type\":\"ImageObject\",\"inLanguage\":\"es\",\"@id\":\"https:\/\/elgrifocomunicacionvisual.com.ar\/impermeabilizaciones\/impermeabilizar-tanques\/#primaryimage\",\"url\":\"https:\/\/elgrifocomunicacionvisual.com.ar\/impermeabilizaciones\/wp-content\/uploads\/2021\/03\/impermeabilziaciontanquealtura.jpg\",\"contentUrl\":\"https:\/\/elgrifocomunicacionvisual.com.ar\/impermeabilizaciones\/wp-content\/uploads\/2021\/03\/impermeabilziaciontanquealtura.jpg\",\"width\":149,\"height\":149,\"caption\":\"tanque impermeabilizado\"},{\"@type\":\"WebSite\",\"@id\":\"https:\/\/elgrifocomunicacionvisual.com.ar\/impermeabilizaciones\/#website\",\"url\":\"https:\/\/elgrifocomunicacionvisual.com.ar\/impermeabilizaciones\/\",\"name\":\"Impermeabilizaciones Especiales\",\"description\":\"Te protege del agua y la humedad\",\"publisher\":{\"@id\":\"https:\/\/elgrifocomunicacionvisual.com.ar\/impermeabilizaciones\/#organization\"},\"potentialAction\":[{\"@type\":\"SearchAction\",\"target\":{\"@type\":\"EntryPoint\",\"urlTemplate\":\"https:\/\/elgrifocomunicacionvisual.com.ar\/impermeabilizaciones\/?s={search_term_string}\"},\"query-input\":{\"@type\":\"PropertyValueSpecification\",\"valueRequired\":true,\"valueName\":\"search_term_string\"}}],\"inLanguage\":\"es\"},{\"@type\":\"Organization\",\"@id\":\"https:\/\/elgrifocomunicacionvisual.com.ar\/impermeabilizaciones\/#organization\",\"name\":\"Impermeabilizaciones Especiales\",\"url\":\"https:\/\/elgrifocomunicacionvisual.com.ar\/impermeabilizaciones\/\",\"logo\":{\"@type\":\"ImageObject\",\"inLanguage\":\"es\",\"@id\":\"https:\/\/elgrifocomunicacionvisual.com.ar\/impermeabilizaciones\/#\/schema\/logo\/image\/\",\"url\":\"https:\/\/elgrifocomunicacionvisual.com.ar\/impermeabilizaciones\/wp-content\/uploads\/2021\/03\/cropped-logoimpermeabilizaciones-2.jpg\",\"contentUrl\":\"https:\/\/elgrifocomunicacionvisual.com.ar\/impermeabilizaciones\/wp-content\/uploads\/2021\/03\/cropped-logoimpermeabilizaciones-2.jpg\",\"width\":580,\"height\":120,\"caption\":\"Impermeabilizaciones Especiales\"},\"image\":{\"@id\":\"https:\/\/elgrifocomunicacionvisual.com.ar\/impermeabilizaciones\/#\/schema\/logo\/image\/\"},\"sameAs\":[\"https:\/\/www.facebook.com\/especialistasenimpermeabilizaciones\/\",\"https:\/\/www.instagram.com\/impermeabilizacionesesp\/\",\"https:\/\/www.youtube.com\/channel\/UCJoLpiaUnCTRkZWTS9dFGow\"]}]}<\/script>\n<!-- \/ Yoast SEO plugin. -->","yoast_head_json":{"title":"Impermeabilizar Tanques de agua - Impermeabilizaciones Especiales","description":"Somos especialistas en impermeabilizar tanques de agua o reservorios. Contamos con personal calificado para realizar trabajos en altura.","robots":{"index":"index","follow":"follow","max-snippet":"max-snippet:-1","max-image-preview":"max-image-preview:large","max-video-preview":"max-video-preview:-1"},"canonical":"https:\/\/elgrifocomunicacionvisual.com.ar\/impermeabilizaciones\/impermeabilizar-tanques\/","og_locale":"es_ES","og_type":"article","og_title":"Impermeabilizar Tanques de agua - Impermeabilizaciones Especiales","og_description":"Somos especialistas en impermeabilizar tanques de agua o reservorios. Contamos con personal calificado para realizar trabajos en altura.","og_url":"https:\/\/elgrifocomunicacionvisual.com.ar\/impermeabilizaciones\/impermeabilizar-tanques\/","og_site_name":"Impermeabilizaciones Especiales","article_publisher":"https:\/\/www.facebook.com\/especialistasenimpermeabilizaciones\/","article_modified_time":"2021-08-04T21:39:08+00:00","og_image":[{"width":149,"height":149,"url":"https:\/\/elgrifocomunicacionvisual.com.ar\/impermeabilizaciones\/wp-content\/uploads\/2021\/03\/impermeabilziaciontanquealtura.jpg","type":"image\/jpeg"}],"twitter_card":"summary_large_image","twitter_misc":{"Tiempo de lectura":"1 minuto"},"schema":{"@context":"https:\/\/schema.org","@graph":[{"@type":"WebPage","@id":"https:\/\/elgrifocomunicacionvisual.com.ar\/impermeabilizaciones\/impermeabilizar-tanques\/","url":"https:\/\/elgrifocomunicacionvisual.com.ar\/impermeabilizaciones\/impermeabilizar-tanques\/","name":"Impermeabilizar Tanques de agua - Impermeabilizaciones Especiales","isPartOf":{"@id":"https:\/\/elgrifocomunicacionvisual.com.ar\/impermeabilizaciones\/#website"},"primaryImageOfPage":{"@id":"https:\/\/elgrifocomunicacionvisual.com.ar\/impermeabilizaciones\/impermeabilizar-tanques\/#primaryimage"},"image":{"@id":"https:\/\/elgrifocomunicacionvisual.com.ar\/impermeabilizaciones\/impermeabilizar-tanques\/#primaryimage"},"thumbnailUrl":"https:\/\/elgrifocomunicacionvisual.com.ar\/impermeabilizaciones\/wp-content\/uploads\/2021\/03\/impermeabilziaciontanquealtura.jpg","datePublished":"2020-05-16T20:55:20+00:00","dateModified":"2021-08-04T21:39:08+00:00","description":"Somos especialistas en impermeabilizar tanques de agua o reservorios. Contamos con personal calificado para realizar trabajos en altura.","inLanguage":"es","potentialAction":[{"@type":"ReadAction","target":["https:\/\/elgrifocomunicacionvisual.com.ar\/impermeabilizaciones\/impermeabilizar-tanques\/"]}]},{"@type":"ImageObject","inLanguage":"es","@id":"https:\/\/elgrifocomunicacionvisual.com.ar\/impermeabilizaciones\/impermeabilizar-tanques\/#primaryimage","url":"https:\/\/elgrifocomunicacionvisual.com.ar\/impermeabilizaciones\/wp-content\/uploads\/2021\/03\/impermeabilziaciontanquealtura.jpg","contentUrl":"https:\/\/elgrifocomunicacionvisual.com.ar\/impermeabilizaciones\/wp-content\/uploads\/2021\/03\/impermeabilziaciontanquealtura.jpg","width":149,"height":149,"caption":"tanque impermeabilizado"},{"@type":"WebSite","@id":"https:\/\/elgrifocomunicacionvisual.com.ar\/impermeabilizaciones\/#website","url":"https:\/\/elgrifocomunicacionvisual.com.ar\/impermeabilizaciones\/","name":"Impermeabilizaciones Especiales","description":"Te protege del agua y la humedad","publisher":{"@id":"https:\/\/elgrifocomunicacionvisual.com.ar\/impermeabilizaciones\/#organization"},"potentialAction":[{"@type":"SearchAction","target":{"@type":"EntryPoint","urlTemplate":"https:\/\/elgrifocomunicacionvisual.com.ar\/impermeabilizaciones\/?s={search_term_string}"},"query-input":{"@type":"PropertyValueSpecification","valueRequired":true,"valueName":"search_term_string"}}],"inLanguage":"es"},{"@type":"Organization","@id":"https:\/\/elgrifocomunicacionvisual.com.ar\/impermeabilizaciones\/#organization","name":"Impermeabilizaciones Especiales","url":"https:\/\/elgrifocomunicacionvisual.com.ar\/impermeabilizaciones\/","logo":{"@type":"ImageObject","inLanguage":"es","@id":"https:\/\/elgrifocomunicacionvisual.com.ar\/impermeabilizaciones\/#\/schema\/logo\/image\/","url":"https:\/\/elgrifocomunicacionvisual.com.ar\/impermeabilizaciones\/wp-content\/uploads\/2021\/03\/cropped-logoimpermeabilizaciones-2.jpg","contentUrl":"https:\/\/elgrifocomunicacionvisual.com.ar\/impermeabilizaciones\/wp-content\/uploads\/2021\/03\/cropped-logoimpermeabilizaciones-2.jpg","width":580,"height":120,"caption":"Impermeabilizaciones Especiales"},"image":{"@id":"https:\/\/elgrifocomunicacionvisual.com.ar\/impermeabilizaciones\/#\/schema\/logo\/image\/"},"sameAs":["https:\/\/www.facebook.com\/especialistasenimpermeabilizaciones\/","https:\/\/www.instagram.com\/impermeabilizacionesesp\/","https:\/\/www.youtube.com\/channel\/UCJoLpiaUnCTRkZWTS9dFGow"]}]}},"_links":{"self":[{"href":"https:\/\/elgrifocomunicacionvisual.com.ar\/impermeabilizaciones\/wp-json\/wp\/v2\/pages\/389","targetHints":{"allow":["GET"]}}],"collection":[{"href":"https:\/\/elgrifocomunicacionvisual.com.ar\/impermeabilizaciones\/wp-json\/wp\/v2\/pages"}],"about":[{"href":"https:\/\/elgrifocomunicacionvisual.com.ar\/impermeabilizaciones\/wp-json\/wp\/v2\/types\/page"}],"author":[{"embeddable":true,"href":"https:\/\/elgrifocomunicacionvisual.com.ar\/impermeabilizaciones\/wp-json\/wp\/v2\/users\/96739698"}],"replies":[{"embeddable":true,"href":"https:\/\/elgrifocomunicacionvisual.com.ar\/impermeabilizaciones\/wp-json\/wp\/v2\/comments?post=389"}],"version-history":[{"count":10,"href":"https:\/\/elgrifocomunicacionvisual.com.ar\/impermeabilizaciones\/wp-json\/wp\/v2\/pages\/389\/revisions"}],"predecessor-version":[{"id":2111,"href":"https:\/\/elgrifocomunicacionvisual.com.ar\/impermeabilizaciones\/wp-json\/wp\/v2\/pages\/389\/revisions\/2111"}],"wp:featuredmedia":[{"embeddable":true,"href":"https:\/\/elgrifocomunicacionvisual.com.ar\/impermeabilizaciones\/wp-json\/wp\/v2\/media\/1197"}],"wp:attachment":[{"href":"https:\/\/elgrifocomunicacionvisual.com.ar\/impermeabilizaciones\/wp-json\/wp\/v2\/media?parent=389"}],"curies":[{"name":"wp","href":"https:\/\/api.w.org\/{rel}","templated":true}]}}