{"id":12,"date":"2016-09-13T20:13:34","date_gmt":"2016-09-13T20:13:34","guid":{"rendered":"https:\/\/elgrifocomunicacionvisual.com.ar\/impermeabilizaciones\/?page_id=12"},"modified":"2022-11-11T15:29:51","modified_gmt":"2022-11-11T15:29:51","slug":"impermeabilizar","status":"publish","type":"page","link":"https:\/\/elgrifocomunicacionvisual.com.ar\/impermeabilizaciones\/","title":{"rendered":"Servicio de impermeabilizaci\u00f3n"},"content":{"rendered":"<div id=\"s3gt_translate_tooltip_mini\" class=\"s3gt_translate_tooltip_mini_box\" style=\"background: initial !important; border: initial !important; border-radius: initial !important; border-spacing: initial !important; border-collapse: initial !important; direction: ltr !important; flex-direction: initial !important; font-weight: initial !important; height: initial !important; letter-spacing: initial !important; min-width: initial !important; max-width: initial !important; min-height: initial !important; max-height: initial !important; margin: auto !important; outline: initial !important; padding: initial !important; position: absolute; table-layout: initial !important; text-align: initial !important; text-shadow: initial !important; width: initial !important; word-break: initial !important; word-spacing: initial !important; overflow-wrap: initial !important; box-sizing: initial !important; display: initial !important; color: inherit !important; font-size: 13px !important; font-family: X-LocaleSpecific, sans-serif, Tahoma, Helvetica !important; line-height: 13px !important; vertical-align: top !important; white-space: inherit !important; left: 10px; top: 35px; opacity: 0.65;\">\n<div id=\"s3gt_translate_tooltip_mini_logo\" class=\"s3gt_translate_tooltip_mini\" title=\"Traducir texto seleccionado\">\u00a0<\/div>\n<div id=\"s3gt_translate_tooltip_mini_sound\" class=\"s3gt_translate_tooltip_mini\" title=\"Escuchar\">\u00a0<\/div>\n<div id=\"s3gt_translate_tooltip_mini_copy\" class=\"s3gt_translate_tooltip_mini\" title=\"Copiar texto al Portapapeles\">\u00a0<\/div>\n<\/div>\n\n\n<p><\/p>\n","protected":false},"excerpt":{"rendered":"<p>\u00a0 \u00a0 \u00a0<\/p>\n","protected":false},"author":96739698,"featured_media":0,"parent":0,"menu_order":0,"comment_status":"closed","ping_status":"closed","template":"page-templates\/template-builder.php","meta":{"footnotes":""},"class_list":["post-12","page","type-page","status-publish","hentry"],"yoast_head":"<!-- This site is optimized with the Yoast SEO plugin v26.4 - https:\/\/yoast.com\/wordpress\/plugins\/seo\/ -->\n<title>Servicio de impermeabilizaci\u00f3n - Impermeabilizaciones Especiales<\/title>\n<meta name=\"description\" content=\"Servicio de impermeabilizaci\u00f3n para PLANTAS INDUSTRIALES, CONSTRUCTORAS, CONSORCIOS y VIVIENDAS. Trabajos con 5 a\u00f1os de garant\u00eda.\" \/>\n<meta name=\"robots\" content=\"index, follow, max-snippet:-1, max-image-preview:large, max-video-preview:-1\" \/>\n<link rel=\"canonical\" href=\"https:\/\/elgrifocomunicacionvisual.com.ar\/impermeabilizaciones\" \/>\n<meta property=\"og:locale\" content=\"es_ES\" \/>\n<meta property=\"og:type\" content=\"article\" \/>\n<meta property=\"og:title\" content=\"Impermeabilizaciones Especiales\" \/>\n<meta property=\"og:description\" content=\"Servicio de impermeabilizaci\u00f3n para PLANTAS INDUSTRIALES, CONSTRUCTORAS, CONSORCIOS y VIVIENDAS. Trabajos con 5 a\u00f1os de garant\u00eda.\" \/>\n<meta property=\"og:url\" content=\"https:\/\/elgrifocomunicacionvisual.com.ar\/impermeabilizaciones\" \/>\n<meta property=\"og:site_name\" content=\"Impermeabilizaciones Especiales\" \/>\n<meta property=\"article:publisher\" content=\"https:\/\/www.facebook.com\/especialistasenimpermeabilizaciones\/\" \/>\n<meta property=\"article:modified_time\" content=\"2022-11-11T15:29:51+00:00\" \/>\n<meta property=\"og:image\" content=\"https:\/\/elgrifocomunicacionvisual.com.ar\/impermeabilizaciones\/wp-content\/uploads\/2021\/03\/logoimpermeabilizaciones.jpg\" \/>\n\t<meta property=\"og:image:width\" content=\"200\" \/>\n\t<meta property=\"og:image:height\" content=\"200\" \/>\n\t<meta property=\"og:image:type\" content=\"image\/jpeg\" \/>\n<meta name=\"twitter:card\" content=\"summary_large_image\" \/>\n<meta name=\"twitter:title\" content=\"Impermeabilizaciones Especiales\" \/>\n<meta name=\"twitter:image\" content=\"https:\/\/elgrifocomunicacionvisual.com.ar\/impermeabilizaciones\/wp-content\/uploads\/2021\/03\/logoimpermeabilizaciones.jpg\" \/>\n<script type=\"application\/ld+json\" class=\"yoast-schema-graph\">{\"@context\":\"https:\/\/schema.org\",\"@graph\":[{\"@type\":\"WebPage\",\"@id\":\"https:\/\/elgrifocomunicacionvisual.com.ar\/impermeabilizaciones\/\",\"url\":\"https:\/\/elgrifocomunicacionvisual.com.ar\/impermeabilizaciones\",\"name\":\"Servicio de impermeabilizaci\u00f3n - Impermeabilizaciones Especiales\",\"isPartOf\":{\"@id\":\"https:\/\/elgrifocomunicacionvisual.com.ar\/impermeabilizaciones\/#website\"},\"datePublished\":\"2016-09-13T20:13:34+00:00\",\"dateModified\":\"2022-11-11T15:29:51+00:00\",\"description\":\"Servicio de impermeabilizaci\u00f3n para PLANTAS INDUSTRIALES, CONSTRUCTORAS, CONSORCIOS y VIVIENDAS. Trabajos con 5 a\u00f1os de garant\u00eda.\",\"inLanguage\":\"es\",\"potentialAction\":[{\"@type\":\"ReadAction\",\"target\":[\"https:\/\/elgrifocomunicacionvisual.com.ar\/impermeabilizaciones\"]}]},{\"@type\":\"WebSite\",\"@id\":\"https:\/\/elgrifocomunicacionvisual.com.ar\/impermeabilizaciones\/#website\",\"url\":\"https:\/\/elgrifocomunicacionvisual.com.ar\/impermeabilizaciones\/\",\"name\":\"Impermeabilizaciones Especiales\",\"description\":\"Te protege del agua y la humedad\",\"publisher\":{\"@id\":\"https:\/\/elgrifocomunicacionvisual.com.ar\/impermeabilizaciones\/#organization\"},\"potentialAction\":[{\"@type\":\"SearchAction\",\"target\":{\"@type\":\"EntryPoint\",\"urlTemplate\":\"https:\/\/elgrifocomunicacionvisual.com.ar\/impermeabilizaciones\/?s={search_term_string}\"},\"query-input\":{\"@type\":\"PropertyValueSpecification\",\"valueRequired\":true,\"valueName\":\"search_term_string\"}}],\"inLanguage\":\"es\"},{\"@type\":\"Organization\",\"@id\":\"https:\/\/elgrifocomunicacionvisual.com.ar\/impermeabilizaciones\/#organization\",\"name\":\"Impermeabilizaciones Especiales\",\"url\":\"https:\/\/elgrifocomunicacionvisual.com.ar\/impermeabilizaciones\/\",\"logo\":{\"@type\":\"ImageObject\",\"inLanguage\":\"es\",\"@id\":\"https:\/\/elgrifocomunicacionvisual.com.ar\/impermeabilizaciones\/#\/schema\/logo\/image\/\",\"url\":\"https:\/\/elgrifocomunicacionvisual.com.ar\/impermeabilizaciones\/wp-content\/uploads\/2021\/03\/cropped-logoimpermeabilizaciones-2.jpg\",\"contentUrl\":\"https:\/\/elgrifocomunicacionvisual.com.ar\/impermeabilizaciones\/wp-content\/uploads\/2021\/03\/cropped-logoimpermeabilizaciones-2.jpg\",\"width\":580,\"height\":120,\"caption\":\"Impermeabilizaciones Especiales\"},\"image\":{\"@id\":\"https:\/\/elgrifocomunicacionvisual.com.ar\/impermeabilizaciones\/#\/schema\/logo\/image\/\"},\"sameAs\":[\"https:\/\/www.facebook.com\/especialistasenimpermeabilizaciones\/\",\"https:\/\/www.instagram.com\/impermeabilizacionesesp\/\",\"https:\/\/www.youtube.com\/channel\/UCJoLpiaUnCTRkZWTS9dFGow\"]}]}<\/script>\n<!-- \/ Yoast SEO plugin. -->","yoast_head_json":{"title":"Servicio de impermeabilizaci\u00f3n - Impermeabilizaciones Especiales","description":"Servicio de impermeabilizaci\u00f3n para PLANTAS INDUSTRIALES, CONSTRUCTORAS, CONSORCIOS y VIVIENDAS. Trabajos con 5 a\u00f1os de garant\u00eda.","robots":{"index":"index","follow":"follow","max-snippet":"max-snippet:-1","max-image-preview":"max-image-preview:large","max-video-preview":"max-video-preview:-1"},"canonical":"https:\/\/elgrifocomunicacionvisual.com.ar\/impermeabilizaciones","og_locale":"es_ES","og_type":"article","og_title":"Impermeabilizaciones Especiales","og_description":"Servicio de impermeabilizaci\u00f3n para PLANTAS INDUSTRIALES, CONSTRUCTORAS, CONSORCIOS y VIVIENDAS. Trabajos con 5 a\u00f1os de garant\u00eda.","og_url":"https:\/\/elgrifocomunicacionvisual.com.ar\/impermeabilizaciones","og_site_name":"Impermeabilizaciones Especiales","article_publisher":"https:\/\/www.facebook.com\/especialistasenimpermeabilizaciones\/","article_modified_time":"2022-11-11T15:29:51+00:00","og_image":[{"width":200,"height":200,"url":"https:\/\/elgrifocomunicacionvisual.com.ar\/impermeabilizaciones\/wp-content\/uploads\/2021\/03\/logoimpermeabilizaciones.jpg","type":"image\/jpeg"}],"twitter_card":"summary_large_image","twitter_title":"Impermeabilizaciones Especiales","twitter_image":"https:\/\/elgrifocomunicacionvisual.com.ar\/impermeabilizaciones\/wp-content\/uploads\/2021\/03\/logoimpermeabilizaciones.jpg","schema":{"@context":"https:\/\/schema.org","@graph":[{"@type":"WebPage","@id":"https:\/\/elgrifocomunicacionvisual.com.ar\/impermeabilizaciones\/","url":"https:\/\/elgrifocomunicacionvisual.com.ar\/impermeabilizaciones","name":"Servicio de impermeabilizaci\u00f3n - Impermeabilizaciones Especiales","isPartOf":{"@id":"https:\/\/elgrifocomunicacionvisual.com.ar\/impermeabilizaciones\/#website"},"datePublished":"2016-09-13T20:13:34+00:00","dateModified":"2022-11-11T15:29:51+00:00","description":"Servicio de impermeabilizaci\u00f3n para PLANTAS INDUSTRIALES, CONSTRUCTORAS, CONSORCIOS y VIVIENDAS. Trabajos con 5 a\u00f1os de garant\u00eda.","inLanguage":"es","potentialAction":[{"@type":"ReadAction","target":["https:\/\/elgrifocomunicacionvisual.com.ar\/impermeabilizaciones"]}]},{"@type":"WebSite","@id":"https:\/\/elgrifocomunicacionvisual.com.ar\/impermeabilizaciones\/#website","url":"https:\/\/elgrifocomunicacionvisual.com.ar\/impermeabilizaciones\/","name":"Impermeabilizaciones Especiales","description":"Te protege del agua y la humedad","publisher":{"@id":"https:\/\/elgrifocomunicacionvisual.com.ar\/impermeabilizaciones\/#organization"},"potentialAction":[{"@type":"SearchAction","target":{"@type":"EntryPoint","urlTemplate":"https:\/\/elgrifocomunicacionvisual.com.ar\/impermeabilizaciones\/?s={search_term_string}"},"query-input":{"@type":"PropertyValueSpecification","valueRequired":true,"valueName":"search_term_string"}}],"inLanguage":"es"},{"@type":"Organization","@id":"https:\/\/elgrifocomunicacionvisual.com.ar\/impermeabilizaciones\/#organization","name":"Impermeabilizaciones Especiales","url":"https:\/\/elgrifocomunicacionvisual.com.ar\/impermeabilizaciones\/","logo":{"@type":"ImageObject","inLanguage":"es","@id":"https:\/\/elgrifocomunicacionvisual.com.ar\/impermeabilizaciones\/#\/schema\/logo\/image\/","url":"https:\/\/elgrifocomunicacionvisual.com.ar\/impermeabilizaciones\/wp-content\/uploads\/2021\/03\/cropped-logoimpermeabilizaciones-2.jpg","contentUrl":"https:\/\/elgrifocomunicacionvisual.com.ar\/impermeabilizaciones\/wp-content\/uploads\/2021\/03\/cropped-logoimpermeabilizaciones-2.jpg","width":580,"height":120,"caption":"Impermeabilizaciones Especiales"},"image":{"@id":"https:\/\/elgrifocomunicacionvisual.com.ar\/impermeabilizaciones\/#\/schema\/logo\/image\/"},"sameAs":["https:\/\/www.facebook.com\/especialistasenimpermeabilizaciones\/","https:\/\/www.instagram.com\/impermeabilizacionesesp\/","https:\/\/www.youtube.com\/channel\/UCJoLpiaUnCTRkZWTS9dFGow"]}]}},"_links":{"self":[{"href":"https:\/\/elgrifocomunicacionvisual.com.ar\/impermeabilizaciones\/wp-json\/wp\/v2\/pages\/12","targetHints":{"allow":["GET"]}}],"collection":[{"href":"https:\/\/elgrifocomunicacionvisual.com.ar\/impermeabilizaciones\/wp-json\/wp\/v2\/pages"}],"about":[{"href":"https:\/\/elgrifocomunicacionvisual.com.ar\/impermeabilizaciones\/wp-json\/wp\/v2\/types\/page"}],"author":[{"embeddable":true,"href":"https:\/\/elgrifocomunicacionvisual.com.ar\/impermeabilizaciones\/wp-json\/wp\/v2\/users\/96739698"}],"replies":[{"embeddable":true,"href":"https:\/\/elgrifocomunicacionvisual.com.ar\/impermeabilizaciones\/wp-json\/wp\/v2\/comments?post=12"}],"version-history":[{"count":32,"href":"https:\/\/elgrifocomunicacionvisual.com.ar\/impermeabilizaciones\/wp-json\/wp\/v2\/pages\/12\/revisions"}],"predecessor-version":[{"id":2231,"href":"https:\/\/elgrifocomunicacionvisual.com.ar\/impermeabilizaciones\/wp-json\/wp\/v2\/pages\/12\/revisions\/2231"}],"wp:attachment":[{"href":"https:\/\/elgrifocomunicacionvisual.com.ar\/impermeabilizaciones\/wp-json\/wp\/v2\/media?parent=12"}],"curies":[{"name":"wp","href":"https:\/\/api.w.org\/{rel}","templated":true}]}}